{"id":597,"date":"2018-07-05T07:48:39","date_gmt":"2018-07-05T07:48:39","guid":{"rendered":"https:\/\/maxgroup.vn\/?page_id=597"},"modified":"2020-05-04T09:39:59","modified_gmt":"2020-05-04T09:39:59","slug":"tuyen-dung","status":"publish","type":"page","link":"https:\/\/maxgroup.vn\/en\/tuyen-dung\/","title":{"rendered":"Recruitment"},"content":{"rendered":"<p>V\u1edbi kinh nghi\u1ec7m h\u01a1n 10 n\u0103m ph\u00e1t tri\u1ec3n &#8211; MaxGroup ti\u1ec1n th\u00e2n l\u00e0 Maxxus Digital Marketing Agency, ch\u00fang t\u00f4i <strong>cung c\u1ea5p d\u1ecbch v\u1ee5 t\u01b0 v\u1ea5n chi\u1ebfn l\u01b0\u1ee3c marketing t\u1ed5ng th\u1ec3<\/strong> cho doanh nghi\u1ec7p v\u00e0 <strong>th\u1ef1c hi\u1ec7n c\u00e1c chi\u1ebfn d\u1ecbch truy\u1ec1n th\u00f4ng<\/strong> hi\u1ec7u qu\u1ea3<\/p>\n","protected":false},"excerpt":{"rendered":"<p>Recruitment<\/p>\n","protected":false},"author":1,"featured_media":0,"parent":0,"menu_order":0,"comment_status":"open","ping_status":"closed","template":"template-hr.php","meta":{"_acf_changed":false,"footnotes":""},"class_list":["post-597","page","type-page","status-publish","hentry"],"acf":[],"_links":{"self":[{"href":"https:\/\/maxgroup.vn\/en\/wp-json\/wp\/v2\/pages\/597","targetHints":{"allow":["GET"]}}],"collection":[{"href":"https:\/\/maxgroup.vn\/en\/wp-json\/wp\/v2\/pages"}],"about":[{"href":"https:\/\/maxgroup.vn\/en\/wp-json\/wp\/v2\/types\/page"}],"author":[{"embeddable":true,"href":"https:\/\/maxgroup.vn\/en\/wp-json\/wp\/v2\/users\/1"}],"replies":[{"embeddable":true,"href":"https:\/\/maxgroup.vn\/en\/wp-json\/wp\/v2\/comments?post=597"}],"version-history":[{"count":1,"href":"https:\/\/maxgroup.vn\/en\/wp-json\/wp\/v2\/pages\/597\/revisions"}],"predecessor-version":[{"id":669,"href":"https:\/\/maxgroup.vn\/en\/wp-json\/wp\/v2\/pages\/597\/revisions\/669"}],"wp:attachment":[{"href":"https:\/\/maxgroup.vn\/en\/wp-json\/wp\/v2\/media?parent=597"}],"curies":[{"name":"wp","href":"https:\/\/api.w.org\/{rel}","templated":true}]}}